{"id":11577,"date":"2023-10-10T10:57:20","date_gmt":"2023-10-10T08:57:20","guid":{"rendered":"https:\/\/www.segittur.es\/?page_id=11577"},"modified":"2024-02-22T15:11:49","modified_gmt":"2024-02-22T14:11:49","slug":"plataforma-inteligente","status":"publish","type":"page","link":"https:\/\/www.segittur.es\/en\/plataforma-inteligente\/","title":{"rendered":"Smart Destinations Platform"},"content":{"rendered":"\n<p>The Secretary of State for Tourism, through SEGITTUR, is working to create a Smart Destinations Platform, a project through which Spain aims to place itself at the forefront of tourism countries by using digitalization to improve the tourism experience and offer integrated services of value at the destination.<\/p>\n\n\n\n<p>The aim of the platform will be to integrate, collate and combine public and private data to build more competitive intelligence on the ecosystems of Spanish destinations, while also activating continuous innovation, interconnecting and meeting the needs of all agents present along the tourism value chain: tourists, destinations and companies.<\/p>\n\n\n\n<p>Thus, the digitalization of tourism services, data and artificial intelligence have become levers to accelerate the Spanish tourism model and, to succeed, 130 million euros will be allocated from the Recovery, Transformation and Resilience Plan.<\/p>\n","protected":false},"excerpt":{"rendered":"<p>The Secretary of State for Tourism, through SEGITTUR, is working to create a Smart Destinations Platform, a project through which Spain aims to place itself at the forefront of tourism countries by using digitalization to improve the tourism experience and offer integrated services of value at the<\/p>\n","protected":false},"author":1,"featured_media":15390,"parent":0,"menu_order":0,"comment_status":"closed","ping_status":"closed","template":"page-templates\/template-distribuidora-ejes.php","meta":{"footnotes":""},"acf":[],"yoast_head":"<title>Smart Destinations Platform - SEGITTUR<\/title>\n<meta name=\"robots\" content=\"index, follow, max-snippet:-1, max-image-preview:large, max-video-preview:-1\" \/>\n<link rel=\"canonical\" href=\"https:\/\/www.segittur.es\/en\/plataforma-inteligente\/\" \/>\n<meta property=\"og:locale\" content=\"en_US\" \/>\n<meta property=\"og:type\" content=\"article\" \/>\n<meta property=\"og:title\" content=\"Smart Destinations Platform - SEGITTUR\" \/>\n<meta property=\"og:description\" content=\"The Secretary of State for Tourism, through SEGITTUR, is working to create a Smart Destinations Platform, a project through which Spain aims to place itself at the forefront of tourism countries by using digitalization to improve the tourism experience and offer integrated services of value at the\" \/>\n<meta property=\"og:url\" content=\"https:\/\/www.segittur.es\/en\/plataforma-inteligente\/\" \/>\n<meta property=\"og:site_name\" content=\"SEGITTUR\" \/>\n<meta property=\"article:modified_time\" content=\"2024-02-22T14:11:49+00:00\" \/>\n<meta property=\"og:image\" content=\"https:\/\/www.segittur.es\/wp-content\/uploads\/2023\/02\/Logo-web-PID-degradado-2.png\" \/>\n\t<meta property=\"og:image:width\" content=\"1110\" \/>\n\t<meta property=\"og:image:height\" content=\"409\" \/>\n\t<meta property=\"og:image:type\" content=\"image\/png\" \/>\n<meta name=\"twitter:card\" content=\"summary_large_image\" \/>\n<meta name=\"twitter:label1\" content=\"Est. reading time\" \/>\n\t<meta name=\"twitter:data1\" content=\"1 minute\" \/>\n<script type=\"application\/ld+json\" class=\"yoast-schema-graph\">{\"@context\":\"https:\/\/schema.org\",\"@graph\":[{\"@type\":\"WebPage\",\"@id\":\"https:\/\/www.segittur.es\/en\/plataforma-inteligente\/\",\"url\":\"https:\/\/www.segittur.es\/en\/plataforma-inteligente\/\",\"name\":\"Smart Destinations Platform - SEGITTUR\",\"isPartOf\":{\"@id\":\"https:\/\/www.segittur.es\/#website\"},\"datePublished\":\"2023-10-10T08:57:20+00:00\",\"dateModified\":\"2024-02-22T14:11:49+00:00\",\"breadcrumb\":{\"@id\":\"https:\/\/www.segittur.es\/en\/plataforma-inteligente\/#breadcrumb\"},\"inLanguage\":\"en-US\",\"potentialAction\":[{\"@type\":\"ReadAction\",\"target\":[\"https:\/\/www.segittur.es\/en\/plataforma-inteligente\/\"]}]},{\"@type\":\"BreadcrumbList\",\"@id\":\"https:\/\/www.segittur.es\/en\/plataforma-inteligente\/#breadcrumb\",\"itemListElement\":[{\"@type\":\"ListItem\",\"position\":1,\"name\":\"Portada\",\"item\":\"https:\/\/www.segittur.es\/en\/\"},{\"@type\":\"ListItem\",\"position\":2,\"name\":\"Smart Destinations Platform\"}]},{\"@type\":\"WebSite\",\"@id\":\"https:\/\/www.segittur.es\/#website\",\"url\":\"https:\/\/www.segittur.es\/\",\"name\":\"SEGITTUR\",\"description\":\"Sociedad Mercantil Estatal para la Gesti\u00f3n de la Innovaci\u00f3n y las Tecnolog\u00edas Tur\u00edsticas,SEGITTUR, dependiente del Ministerio de Industria se dedica a impulsar la innovaci\u00f3n y la tecnolog\u00eda en el sector tur\u00edstico\",\"publisher\":{\"@id\":\"https:\/\/www.segittur.es\/#organization\"},\"potentialAction\":[{\"@type\":\"SearchAction\",\"target\":{\"@type\":\"EntryPoint\",\"urlTemplate\":\"https:\/\/www.segittur.es\/?s={search_term_string}\"},\"query-input\":\"required name=search_term_string\"}],\"inLanguage\":\"en-US\"},{\"@type\":\"Organization\",\"@id\":\"https:\/\/www.segittur.es\/#organization\",\"name\":\"SEGITTUR\",\"url\":\"https:\/\/www.segittur.es\/\",\"logo\":{\"@type\":\"ImageObject\",\"inLanguage\":\"en-US\",\"@id\":\"https:\/\/www.segittur.es\/#\/schema\/logo\/image\/\",\"url\":\"https:\/\/www.segittur.es\/wp-content\/uploads\/2019\/07\/cropped-logotipo_segittur.png\",\"contentUrl\":\"https:\/\/www.segittur.es\/wp-content\/uploads\/2019\/07\/cropped-logotipo_segittur.png\",\"width\":471,\"height\":50,\"caption\":\"SEGITTUR\"},\"image\":{\"@id\":\"https:\/\/www.segittur.es\/#\/schema\/logo\/image\/\"}}]}<\/script>","yoast_head_json":{"title":"Smart Destinations Platform - SEGITTUR","robots":{"index":"index","follow":"follow","max-snippet":"max-snippet:-1","max-image-preview":"max-image-preview:large","max-video-preview":"max-video-preview:-1"},"canonical":"https:\/\/www.segittur.es\/en\/plataforma-inteligente\/","og_locale":"en_US","og_type":"article","og_title":"Smart Destinations Platform - SEGITTUR","og_description":"The Secretary of State for Tourism, through SEGITTUR, is working to create a Smart Destinations Platform, a project through which Spain aims to place itself at the forefront of tourism countries by using digitalization to improve the tourism experience and offer integrated services of value at the","og_url":"https:\/\/www.segittur.es\/en\/plataforma-inteligente\/","og_site_name":"SEGITTUR","article_modified_time":"2024-02-22T14:11:49+00:00","og_image":[{"width":1110,"height":409,"url":"https:\/\/www.segittur.es\/wp-content\/uploads\/2023\/02\/Logo-web-PID-degradado-2.png","type":"image\/png"}],"twitter_card":"summary_large_image","twitter_misc":{"Est. reading time":"1 minute"},"schema":{"@context":"https:\/\/schema.org","@graph":[{"@type":"WebPage","@id":"https:\/\/www.segittur.es\/en\/plataforma-inteligente\/","url":"https:\/\/www.segittur.es\/en\/plataforma-inteligente\/","name":"Smart Destinations Platform - SEGITTUR","isPartOf":{"@id":"https:\/\/www.segittur.es\/#website"},"datePublished":"2023-10-10T08:57:20+00:00","dateModified":"2024-02-22T14:11:49+00:00","breadcrumb":{"@id":"https:\/\/www.segittur.es\/en\/plataforma-inteligente\/#breadcrumb"},"inLanguage":"en-US","potentialAction":[{"@type":"ReadAction","target":["https:\/\/www.segittur.es\/en\/plataforma-inteligente\/"]}]},{"@type":"BreadcrumbList","@id":"https:\/\/www.segittur.es\/en\/plataforma-inteligente\/#breadcrumb","itemListElement":[{"@type":"ListItem","position":1,"name":"Portada","item":"https:\/\/www.segittur.es\/en\/"},{"@type":"ListItem","position":2,"name":"Smart Destinations Platform"}]},{"@type":"WebSite","@id":"https:\/\/www.segittur.es\/#website","url":"https:\/\/www.segittur.es\/","name":"SEGITTUR","description":"Sociedad Mercantil Estatal para la Gesti\u00f3n de la Innovaci\u00f3n y las Tecnolog\u00edas Tur\u00edsticas,SEGITTUR, dependiente del Ministerio de Industria se dedica a impulsar la innovaci\u00f3n y la tecnolog\u00eda en el sector tur\u00edstico","publisher":{"@id":"https:\/\/www.segittur.es\/#organization"},"potentialAction":[{"@type":"SearchAction","target":{"@type":"EntryPoint","urlTemplate":"https:\/\/www.segittur.es\/?s={search_term_string}"},"query-input":"required name=search_term_string"}],"inLanguage":"en-US"},{"@type":"Organization","@id":"https:\/\/www.segittur.es\/#organization","name":"SEGITTUR","url":"https:\/\/www.segittur.es\/","logo":{"@type":"ImageObject","inLanguage":"en-US","@id":"https:\/\/www.segittur.es\/#\/schema\/logo\/image\/","url":"https:\/\/www.segittur.es\/wp-content\/uploads\/2019\/07\/cropped-logotipo_segittur.png","contentUrl":"https:\/\/www.segittur.es\/wp-content\/uploads\/2019\/07\/cropped-logotipo_segittur.png","width":471,"height":50,"caption":"SEGITTUR"},"image":{"@id":"https:\/\/www.segittur.es\/#\/schema\/logo\/image\/"}}]}},"_links":{"self":[{"href":"https:\/\/www.segittur.es\/en\/wp-json\/wp\/v2\/pages\/11577"}],"collection":[{"href":"https:\/\/www.segittur.es\/en\/wp-json\/wp\/v2\/pages"}],"about":[{"href":"https:\/\/www.segittur.es\/en\/wp-json\/wp\/v2\/types\/page"}],"author":[{"embeddable":true,"href":"https:\/\/www.segittur.es\/en\/wp-json\/wp\/v2\/users\/1"}],"replies":[{"embeddable":true,"href":"https:\/\/www.segittur.es\/en\/wp-json\/wp\/v2\/comments?post=11577"}],"version-history":[{"count":22,"href":"https:\/\/www.segittur.es\/en\/wp-json\/wp\/v2\/pages\/11577\/revisions"}],"predecessor-version":[{"id":13204,"href":"https:\/\/www.segittur.es\/en\/wp-json\/wp\/v2\/pages\/11577\/revisions\/13204"}],"wp:featuredmedia":[{"embeddable":true,"href":"https:\/\/www.segittur.es\/en\/wp-json\/wp\/v2\/media\/15390"}],"wp:attachment":[{"href":"https:\/\/www.segittur.es\/en\/wp-json\/wp\/v2\/media?parent=11577"}],"curies":[{"name":"wp","href":"https:\/\/api.w.org\/{rel}","templated":true}]}}