{"id":8524,"date":"2019-09-19T14:41:55","date_gmt":"2019-09-19T12:41:55","guid":{"rendered":"https:\/\/www.segittur.es\/promocion-digital\/"},"modified":"2021-11-11T11:20:58","modified_gmt":"2021-11-11T10:20:58","slug":"digital-promotion","status":"publish","type":"page","link":"https:\/\/www.segittur.es\/en\/digital-promotion\/","title":{"rendered":"Digital promotion"},"content":{"rendered":"\n<p>Digital promotion is a key tool both for bringing visibility to Spain\u2019s tourist attractions and for attracting tourists, as it allows us to segment the offer according to the interests and tastes of visitors from different markets of origin, and depending on the tourism products and services that exist in different places.<\/p>\n\n\n\n<p>SEGITTUR is aware of the importance of new online promotional channels, and we are committed to digital promotion, with over eighteen years of experience promoting Spain and its cultural heritage as a tourist destination abroad through the management of online marketing strategies, including the design, management and maintenance of web portals and social media strategy. Our main projects include <a href=\"http:\/\/www.spain.info\">www.spain.info<\/a> &nbsp;and <a href=\"http:\/\/www.espa\u00f1aescultura.es\">www.espa\u00f1aescultura.es<\/a><\/p>\n\n\n\n<p><\/p>\n","protected":false},"excerpt":{"rendered":"<p>Digital promotion is a key tool both for bringing visibility to Spain\u2019s tourist attractions and for attracting tourists, as it allows us to segment the offer according to the interests and tastes of visitors from different markets of origin, and depending on the tourism products and services that<\/p>\n","protected":false},"author":1,"featured_media":0,"parent":0,"menu_order":0,"comment_status":"closed","ping_status":"closed","template":"page-templates\/template-distribuidora-ejes.php","meta":{"footnotes":""},"acf":[],"yoast_head":"<title>Digital promotion - SEGITTUR<\/title>\n<meta name=\"robots\" content=\"index, follow, max-snippet:-1, max-image-preview:large, max-video-preview:-1\" \/>\n<link rel=\"canonical\" href=\"https:\/\/www.segittur.es\/en\/digital-promotion\/\" \/>\n<meta property=\"og:locale\" content=\"en_US\" \/>\n<meta property=\"og:type\" content=\"article\" \/>\n<meta property=\"og:title\" content=\"Digital promotion - SEGITTUR\" \/>\n<meta property=\"og:description\" content=\"Digital promotion is a key tool both for bringing visibility to Spain\u2019s tourist attractions and for attracting tourists, as it allows us to segment the offer according to the interests and tastes of visitors from different markets of origin, and depending on the tourism products and services that\" \/>\n<meta property=\"og:url\" content=\"https:\/\/www.segittur.es\/en\/digital-promotion\/\" \/>\n<meta property=\"og:site_name\" content=\"SEGITTUR\" \/>\n<meta property=\"article:modified_time\" content=\"2021-11-11T10:20:58+00:00\" \/>\n<meta name=\"twitter:card\" content=\"summary_large_image\" \/>\n<meta name=\"twitter:label1\" content=\"Est. reading time\" \/>\n\t<meta name=\"twitter:data1\" content=\"1 minute\" \/>\n<script type=\"application\/ld+json\" class=\"yoast-schema-graph\">{\"@context\":\"https:\/\/schema.org\",\"@graph\":[{\"@type\":\"WebPage\",\"@id\":\"https:\/\/www.segittur.es\/en\/digital-promotion\/\",\"url\":\"https:\/\/www.segittur.es\/en\/digital-promotion\/\",\"name\":\"Digital promotion - SEGITTUR\",\"isPartOf\":{\"@id\":\"https:\/\/www.segittur.es\/#website\"},\"datePublished\":\"2019-09-19T12:41:55+00:00\",\"dateModified\":\"2021-11-11T10:20:58+00:00\",\"breadcrumb\":{\"@id\":\"https:\/\/www.segittur.es\/en\/digital-promotion\/#breadcrumb\"},\"inLanguage\":\"en-US\",\"potentialAction\":[{\"@type\":\"ReadAction\",\"target\":[\"https:\/\/www.segittur.es\/en\/digital-promotion\/\"]}]},{\"@type\":\"BreadcrumbList\",\"@id\":\"https:\/\/www.segittur.es\/en\/digital-promotion\/#breadcrumb\",\"itemListElement\":[{\"@type\":\"ListItem\",\"position\":1,\"name\":\"Portada\",\"item\":\"https:\/\/www.segittur.es\/en\/\"},{\"@type\":\"ListItem\",\"position\":2,\"name\":\"Digital promotion\"}]},{\"@type\":\"WebSite\",\"@id\":\"https:\/\/www.segittur.es\/#website\",\"url\":\"https:\/\/www.segittur.es\/\",\"name\":\"SEGITTUR\",\"description\":\"Sociedad Mercantil Estatal para la Gesti\u00f3n de la Innovaci\u00f3n y las Tecnolog\u00edas Tur\u00edsticas,SEGITTUR, dependiente del Ministerio de Industria se dedica a impulsar la innovaci\u00f3n y la tecnolog\u00eda en el sector tur\u00edstico\",\"publisher\":{\"@id\":\"https:\/\/www.segittur.es\/#organization\"},\"potentialAction\":[{\"@type\":\"SearchAction\",\"target\":{\"@type\":\"EntryPoint\",\"urlTemplate\":\"https:\/\/www.segittur.es\/?s={search_term_string}\"},\"query-input\":\"required name=search_term_string\"}],\"inLanguage\":\"en-US\"},{\"@type\":\"Organization\",\"@id\":\"https:\/\/www.segittur.es\/#organization\",\"name\":\"SEGITTUR\",\"url\":\"https:\/\/www.segittur.es\/\",\"logo\":{\"@type\":\"ImageObject\",\"inLanguage\":\"en-US\",\"@id\":\"https:\/\/www.segittur.es\/#\/schema\/logo\/image\/\",\"url\":\"https:\/\/www.segittur.es\/wp-content\/uploads\/2019\/07\/cropped-logotipo_segittur.png\",\"contentUrl\":\"https:\/\/www.segittur.es\/wp-content\/uploads\/2019\/07\/cropped-logotipo_segittur.png\",\"width\":471,\"height\":50,\"caption\":\"SEGITTUR\"},\"image\":{\"@id\":\"https:\/\/www.segittur.es\/#\/schema\/logo\/image\/\"}}]}<\/script>","yoast_head_json":{"title":"Digital promotion - SEGITTUR","robots":{"index":"index","follow":"follow","max-snippet":"max-snippet:-1","max-image-preview":"max-image-preview:large","max-video-preview":"max-video-preview:-1"},"canonical":"https:\/\/www.segittur.es\/en\/digital-promotion\/","og_locale":"en_US","og_type":"article","og_title":"Digital promotion - SEGITTUR","og_description":"Digital promotion is a key tool both for bringing visibility to Spain\u2019s tourist attractions and for attracting tourists, as it allows us to segment the offer according to the interests and tastes of visitors from different markets of origin, and depending on the tourism products and services that","og_url":"https:\/\/www.segittur.es\/en\/digital-promotion\/","og_site_name":"SEGITTUR","article_modified_time":"2021-11-11T10:20:58+00:00","twitter_card":"summary_large_image","twitter_misc":{"Est. reading time":"1 minute"},"schema":{"@context":"https:\/\/schema.org","@graph":[{"@type":"WebPage","@id":"https:\/\/www.segittur.es\/en\/digital-promotion\/","url":"https:\/\/www.segittur.es\/en\/digital-promotion\/","name":"Digital promotion - SEGITTUR","isPartOf":{"@id":"https:\/\/www.segittur.es\/#website"},"datePublished":"2019-09-19T12:41:55+00:00","dateModified":"2021-11-11T10:20:58+00:00","breadcrumb":{"@id":"https:\/\/www.segittur.es\/en\/digital-promotion\/#breadcrumb"},"inLanguage":"en-US","potentialAction":[{"@type":"ReadAction","target":["https:\/\/www.segittur.es\/en\/digital-promotion\/"]}]},{"@type":"BreadcrumbList","@id":"https:\/\/www.segittur.es\/en\/digital-promotion\/#breadcrumb","itemListElement":[{"@type":"ListItem","position":1,"name":"Portada","item":"https:\/\/www.segittur.es\/en\/"},{"@type":"ListItem","position":2,"name":"Digital promotion"}]},{"@type":"WebSite","@id":"https:\/\/www.segittur.es\/#website","url":"https:\/\/www.segittur.es\/","name":"SEGITTUR","description":"Sociedad Mercantil Estatal para la Gesti\u00f3n de la Innovaci\u00f3n y las Tecnolog\u00edas Tur\u00edsticas,SEGITTUR, dependiente del Ministerio de Industria se dedica a impulsar la innovaci\u00f3n y la tecnolog\u00eda en el sector tur\u00edstico","publisher":{"@id":"https:\/\/www.segittur.es\/#organization"},"potentialAction":[{"@type":"SearchAction","target":{"@type":"EntryPoint","urlTemplate":"https:\/\/www.segittur.es\/?s={search_term_string}"},"query-input":"required name=search_term_string"}],"inLanguage":"en-US"},{"@type":"Organization","@id":"https:\/\/www.segittur.es\/#organization","name":"SEGITTUR","url":"https:\/\/www.segittur.es\/","logo":{"@type":"ImageObject","inLanguage":"en-US","@id":"https:\/\/www.segittur.es\/#\/schema\/logo\/image\/","url":"https:\/\/www.segittur.es\/wp-content\/uploads\/2019\/07\/cropped-logotipo_segittur.png","contentUrl":"https:\/\/www.segittur.es\/wp-content\/uploads\/2019\/07\/cropped-logotipo_segittur.png","width":471,"height":50,"caption":"SEGITTUR"},"image":{"@id":"https:\/\/www.segittur.es\/#\/schema\/logo\/image\/"}}]}},"_links":{"self":[{"href":"https:\/\/www.segittur.es\/en\/wp-json\/wp\/v2\/pages\/8524"}],"collection":[{"href":"https:\/\/www.segittur.es\/en\/wp-json\/wp\/v2\/pages"}],"about":[{"href":"https:\/\/www.segittur.es\/en\/wp-json\/wp\/v2\/types\/page"}],"author":[{"embeddable":true,"href":"https:\/\/www.segittur.es\/en\/wp-json\/wp\/v2\/users\/1"}],"replies":[{"embeddable":true,"href":"https:\/\/www.segittur.es\/en\/wp-json\/wp\/v2\/comments?post=8524"}],"version-history":[{"count":4,"href":"https:\/\/www.segittur.es\/en\/wp-json\/wp\/v2\/pages\/8524\/revisions"}],"predecessor-version":[{"id":9257,"href":"https:\/\/www.segittur.es\/en\/wp-json\/wp\/v2\/pages\/8524\/revisions\/9257"}],"wp:attachment":[{"href":"https:\/\/www.segittur.es\/en\/wp-json\/wp\/v2\/media?parent=8524"}],"curies":[{"name":"wp","href":"https:\/\/api.w.org\/{rel}","templated":true}]}}