{"id":8539,"date":"2019-07-16T14:52:06","date_gmt":"2019-07-16T12:52:06","guid":{"rendered":"https:\/\/www.segittur.es\/transformacion-digital\/"},"modified":"2023-06-01T11:18:11","modified_gmt":"2023-06-01T09:18:11","slug":"digital-transformation","status":"publish","type":"page","link":"https:\/\/www.segittur.es\/en\/digital-transformation\/","title":{"rendered":"Digital transformation"},"content":{"rendered":"\n<p>Digital transformation represents a challenge for destinations and tourism companies, but also brings with it a range of opportunities, facilitating competitiveness, professionalisation, commercialisation, efficiency, effectiveness and economy, contributing to the sustainable development of tourism.<\/p>\n\n\n\n<p>SEGITTUR works to seek, promote and share solutions that respond to the new needs arising from the growing role of new technologies in tourism. In the case of tourism, digital transformation is an example of how the ever-increasing use of digital media by customers has transformed the existing business model for both supply and demand.<\/p>\n","protected":false},"excerpt":{"rendered":"<p>Digital transformation represents a challenge for destinations and tourism companies, but also brings with it a range of opportunities, facilitating competitiveness, professionalisation, commercialisation, efficiency, effectiveness and economy, contributing to the sustainable development of tourism.<\/p>\n","protected":false},"author":87,"featured_media":0,"parent":0,"menu_order":0,"comment_status":"closed","ping_status":"closed","template":"page-templates\/template-distribuidora-ejes.php","meta":{"footnotes":""},"acf":[],"yoast_head":"<title>Digital transformation - SEGITTUR<\/title>\n<meta name=\"robots\" content=\"index, follow, max-snippet:-1, max-image-preview:large, max-video-preview:-1\" \/>\n<link rel=\"canonical\" href=\"https:\/\/www.segittur.es\/en\/digital-transformation\/\" \/>\n<meta property=\"og:locale\" content=\"en_US\" \/>\n<meta property=\"og:type\" content=\"article\" \/>\n<meta property=\"og:title\" content=\"Digital transformation - SEGITTUR\" \/>\n<meta property=\"og:description\" content=\"Digital transformation represents a challenge for destinations and tourism companies, but also brings with it a range of opportunities, facilitating competitiveness, professionalisation, commercialisation, efficiency, effectiveness and economy, contributing to the sustainable development of tourism.\" \/>\n<meta property=\"og:url\" content=\"https:\/\/www.segittur.es\/en\/digital-transformation\/\" \/>\n<meta property=\"og:site_name\" content=\"SEGITTUR\" \/>\n<meta property=\"article:modified_time\" content=\"2023-06-01T09:18:11+00:00\" \/>\n<meta name=\"twitter:card\" content=\"summary_large_image\" \/>\n<meta name=\"twitter:label1\" content=\"Est. reading time\" \/>\n\t<meta name=\"twitter:data1\" content=\"1 minute\" \/>\n<script type=\"application\/ld+json\" class=\"yoast-schema-graph\">{\"@context\":\"https:\/\/schema.org\",\"@graph\":[{\"@type\":\"WebPage\",\"@id\":\"https:\/\/www.segittur.es\/en\/digital-transformation\/\",\"url\":\"https:\/\/www.segittur.es\/en\/digital-transformation\/\",\"name\":\"Digital transformation - SEGITTUR\",\"isPartOf\":{\"@id\":\"https:\/\/www.segittur.es\/#website\"},\"datePublished\":\"2019-07-16T12:52:06+00:00\",\"dateModified\":\"2023-06-01T09:18:11+00:00\",\"breadcrumb\":{\"@id\":\"https:\/\/www.segittur.es\/en\/digital-transformation\/#breadcrumb\"},\"inLanguage\":\"en-US\",\"potentialAction\":[{\"@type\":\"ReadAction\",\"target\":[\"https:\/\/www.segittur.es\/en\/digital-transformation\/\"]}]},{\"@type\":\"BreadcrumbList\",\"@id\":\"https:\/\/www.segittur.es\/en\/digital-transformation\/#breadcrumb\",\"itemListElement\":[{\"@type\":\"ListItem\",\"position\":1,\"name\":\"Portada\",\"item\":\"https:\/\/www.segittur.es\/en\/\"},{\"@type\":\"ListItem\",\"position\":2,\"name\":\"Digital transformation\"}]},{\"@type\":\"WebSite\",\"@id\":\"https:\/\/www.segittur.es\/#website\",\"url\":\"https:\/\/www.segittur.es\/\",\"name\":\"SEGITTUR\",\"description\":\"Sociedad Mercantil Estatal para la Gesti\u00f3n de la Innovaci\u00f3n y las Tecnolog\u00edas Tur\u00edsticas,SEGITTUR, dependiente del Ministerio de Industria se dedica a impulsar la innovaci\u00f3n y la tecnolog\u00eda en el sector tur\u00edstico\",\"publisher\":{\"@id\":\"https:\/\/www.segittur.es\/#organization\"},\"potentialAction\":[{\"@type\":\"SearchAction\",\"target\":{\"@type\":\"EntryPoint\",\"urlTemplate\":\"https:\/\/www.segittur.es\/?s={search_term_string}\"},\"query-input\":\"required name=search_term_string\"}],\"inLanguage\":\"en-US\"},{\"@type\":\"Organization\",\"@id\":\"https:\/\/www.segittur.es\/#organization\",\"name\":\"SEGITTUR\",\"url\":\"https:\/\/www.segittur.es\/\",\"logo\":{\"@type\":\"ImageObject\",\"inLanguage\":\"en-US\",\"@id\":\"https:\/\/www.segittur.es\/#\/schema\/logo\/image\/\",\"url\":\"https:\/\/www.segittur.es\/wp-content\/uploads\/2019\/07\/cropped-logotipo_segittur.png\",\"contentUrl\":\"https:\/\/www.segittur.es\/wp-content\/uploads\/2019\/07\/cropped-logotipo_segittur.png\",\"width\":471,\"height\":50,\"caption\":\"SEGITTUR\"},\"image\":{\"@id\":\"https:\/\/www.segittur.es\/#\/schema\/logo\/image\/\"}}]}<\/script>","yoast_head_json":{"title":"Digital transformation - SEGITTUR","robots":{"index":"index","follow":"follow","max-snippet":"max-snippet:-1","max-image-preview":"max-image-preview:large","max-video-preview":"max-video-preview:-1"},"canonical":"https:\/\/www.segittur.es\/en\/digital-transformation\/","og_locale":"en_US","og_type":"article","og_title":"Digital transformation - SEGITTUR","og_description":"Digital transformation represents a challenge for destinations and tourism companies, but also brings with it a range of opportunities, facilitating competitiveness, professionalisation, commercialisation, efficiency, effectiveness and economy, contributing to the sustainable development of tourism.","og_url":"https:\/\/www.segittur.es\/en\/digital-transformation\/","og_site_name":"SEGITTUR","article_modified_time":"2023-06-01T09:18:11+00:00","twitter_card":"summary_large_image","twitter_misc":{"Est. reading time":"1 minute"},"schema":{"@context":"https:\/\/schema.org","@graph":[{"@type":"WebPage","@id":"https:\/\/www.segittur.es\/en\/digital-transformation\/","url":"https:\/\/www.segittur.es\/en\/digital-transformation\/","name":"Digital transformation - SEGITTUR","isPartOf":{"@id":"https:\/\/www.segittur.es\/#website"},"datePublished":"2019-07-16T12:52:06+00:00","dateModified":"2023-06-01T09:18:11+00:00","breadcrumb":{"@id":"https:\/\/www.segittur.es\/en\/digital-transformation\/#breadcrumb"},"inLanguage":"en-US","potentialAction":[{"@type":"ReadAction","target":["https:\/\/www.segittur.es\/en\/digital-transformation\/"]}]},{"@type":"BreadcrumbList","@id":"https:\/\/www.segittur.es\/en\/digital-transformation\/#breadcrumb","itemListElement":[{"@type":"ListItem","position":1,"name":"Portada","item":"https:\/\/www.segittur.es\/en\/"},{"@type":"ListItem","position":2,"name":"Digital transformation"}]},{"@type":"WebSite","@id":"https:\/\/www.segittur.es\/#website","url":"https:\/\/www.segittur.es\/","name":"SEGITTUR","description":"Sociedad Mercantil Estatal para la Gesti\u00f3n de la Innovaci\u00f3n y las Tecnolog\u00edas Tur\u00edsticas,SEGITTUR, dependiente del Ministerio de Industria se dedica a impulsar la innovaci\u00f3n y la tecnolog\u00eda en el sector tur\u00edstico","publisher":{"@id":"https:\/\/www.segittur.es\/#organization"},"potentialAction":[{"@type":"SearchAction","target":{"@type":"EntryPoint","urlTemplate":"https:\/\/www.segittur.es\/?s={search_term_string}"},"query-input":"required name=search_term_string"}],"inLanguage":"en-US"},{"@type":"Organization","@id":"https:\/\/www.segittur.es\/#organization","name":"SEGITTUR","url":"https:\/\/www.segittur.es\/","logo":{"@type":"ImageObject","inLanguage":"en-US","@id":"https:\/\/www.segittur.es\/#\/schema\/logo\/image\/","url":"https:\/\/www.segittur.es\/wp-content\/uploads\/2019\/07\/cropped-logotipo_segittur.png","contentUrl":"https:\/\/www.segittur.es\/wp-content\/uploads\/2019\/07\/cropped-logotipo_segittur.png","width":471,"height":50,"caption":"SEGITTUR"},"image":{"@id":"https:\/\/www.segittur.es\/#\/schema\/logo\/image\/"}}]}},"_links":{"self":[{"href":"https:\/\/www.segittur.es\/en\/wp-json\/wp\/v2\/pages\/8539"}],"collection":[{"href":"https:\/\/www.segittur.es\/en\/wp-json\/wp\/v2\/pages"}],"about":[{"href":"https:\/\/www.segittur.es\/en\/wp-json\/wp\/v2\/types\/page"}],"author":[{"embeddable":true,"href":"https:\/\/www.segittur.es\/en\/wp-json\/wp\/v2\/users\/87"}],"replies":[{"embeddable":true,"href":"https:\/\/www.segittur.es\/en\/wp-json\/wp\/v2\/comments?post=8539"}],"version-history":[{"count":7,"href":"https:\/\/www.segittur.es\/en\/wp-json\/wp\/v2\/pages\/8539\/revisions"}],"predecessor-version":[{"id":11196,"href":"https:\/\/www.segittur.es\/en\/wp-json\/wp\/v2\/pages\/8539\/revisions\/11196"}],"wp:attachment":[{"href":"https:\/\/www.segittur.es\/en\/wp-json\/wp\/v2\/media?parent=8539"}],"curies":[{"name":"wp","href":"https:\/\/api.w.org\/{rel}","templated":true}]}}