{"id":8579,"date":"2019-09-19T14:27:23","date_gmt":"2019-09-19T12:27:23","guid":{"rendered":"https:\/\/www.segittur.es\/destinos-turisticos-inteligentes\/"},"modified":"2021-11-11T13:02:38","modified_gmt":"2021-11-11T12:02:38","slug":"smart-tourism-destinations","status":"publish","type":"page","link":"https:\/\/www.segittur.es\/en\/smart-tourism-destinations\/","title":{"rendered":"Smart tourism destinations"},"content":{"rendered":"\n<p>The Smart Tourism Destinations project, launched by the Secretariat of State for Tourism, aims to be the driving force in promoting and encouraging the digital transformation of Spain\u2019s tourism areas and destinations. The aim is to stimulate the sustainable development of tourism and ensure tourist satisfaction as well as improving living conditions for local populations.<\/p>\n\n\n\n<p>SEGITTUR is working on the Smart Destinations project for the Secretariat of State for Tourism. This works towards a tourism development model based on the concepts of governance, innovation, technology, sustainability and accessibility, in order to guarantee both the present and future of tourism.<\/p>\n\n\n\n<p>A model that is internationally recognised by well-known organisations and institutions such as the UNWTO, the OECD, the IDB and the WTTC.<\/p>\n","protected":false},"excerpt":{"rendered":"<p>The Smart Tourism Destinations project, launched by the Secretariat of State for Tourism, aims to be the driving force in promoting and encouraging the digital transformation of Spain\u2019s tourism areas and destinations. The aim is to stimulate the sustainable development of tourism and ensure<\/p>\n","protected":false},"author":1,"featured_media":0,"parent":0,"menu_order":0,"comment_status":"closed","ping_status":"closed","template":"page-templates\/template-distribuidora-ejes.php","meta":{"footnotes":""},"acf":[],"yoast_head":"<title>Smart tourism destinations - SEGITTUR<\/title>\n<meta name=\"robots\" content=\"index, follow, max-snippet:-1, max-image-preview:large, max-video-preview:-1\" \/>\n<link rel=\"canonical\" href=\"https:\/\/www.segittur.es\/en\/smart-tourism-destinations\/\" \/>\n<meta property=\"og:locale\" content=\"en_US\" \/>\n<meta property=\"og:type\" content=\"article\" \/>\n<meta property=\"og:title\" content=\"Smart tourism destinations - SEGITTUR\" \/>\n<meta property=\"og:description\" content=\"The Smart Tourism Destinations project, launched by the Secretariat of State for Tourism, aims to be the driving force in promoting and encouraging the digital transformation of Spain\u2019s tourism areas and destinations. The aim is to stimulate the sustainable development of tourism and ensure\" \/>\n<meta property=\"og:url\" content=\"https:\/\/www.segittur.es\/en\/smart-tourism-destinations\/\" \/>\n<meta property=\"og:site_name\" content=\"SEGITTUR\" \/>\n<meta property=\"article:modified_time\" content=\"2021-11-11T12:02:38+00:00\" \/>\n<meta name=\"twitter:card\" content=\"summary_large_image\" \/>\n<meta name=\"twitter:label1\" content=\"Est. reading time\" \/>\n\t<meta name=\"twitter:data1\" content=\"1 minute\" \/>\n<script type=\"application\/ld+json\" class=\"yoast-schema-graph\">{\"@context\":\"https:\/\/schema.org\",\"@graph\":[{\"@type\":\"WebPage\",\"@id\":\"https:\/\/www.segittur.es\/en\/smart-tourism-destinations\/\",\"url\":\"https:\/\/www.segittur.es\/en\/smart-tourism-destinations\/\",\"name\":\"Smart tourism destinations - SEGITTUR\",\"isPartOf\":{\"@id\":\"https:\/\/www.segittur.es\/#website\"},\"datePublished\":\"2019-09-19T12:27:23+00:00\",\"dateModified\":\"2021-11-11T12:02:38+00:00\",\"breadcrumb\":{\"@id\":\"https:\/\/www.segittur.es\/en\/smart-tourism-destinations\/#breadcrumb\"},\"inLanguage\":\"en-US\",\"potentialAction\":[{\"@type\":\"ReadAction\",\"target\":[\"https:\/\/www.segittur.es\/en\/smart-tourism-destinations\/\"]}]},{\"@type\":\"BreadcrumbList\",\"@id\":\"https:\/\/www.segittur.es\/en\/smart-tourism-destinations\/#breadcrumb\",\"itemListElement\":[{\"@type\":\"ListItem\",\"position\":1,\"name\":\"Portada\",\"item\":\"https:\/\/www.segittur.es\/en\/\"},{\"@type\":\"ListItem\",\"position\":2,\"name\":\"Smart tourism destinations\"}]},{\"@type\":\"WebSite\",\"@id\":\"https:\/\/www.segittur.es\/#website\",\"url\":\"https:\/\/www.segittur.es\/\",\"name\":\"SEGITTUR\",\"description\":\"Sociedad Mercantil Estatal para la Gesti\u00f3n de la Innovaci\u00f3n y las Tecnolog\u00edas Tur\u00edsticas,SEGITTUR, dependiente del Ministerio de Industria se dedica a impulsar la innovaci\u00f3n y la tecnolog\u00eda en el sector tur\u00edstico\",\"publisher\":{\"@id\":\"https:\/\/www.segittur.es\/#organization\"},\"potentialAction\":[{\"@type\":\"SearchAction\",\"target\":{\"@type\":\"EntryPoint\",\"urlTemplate\":\"https:\/\/www.segittur.es\/?s={search_term_string}\"},\"query-input\":\"required name=search_term_string\"}],\"inLanguage\":\"en-US\"},{\"@type\":\"Organization\",\"@id\":\"https:\/\/www.segittur.es\/#organization\",\"name\":\"SEGITTUR\",\"url\":\"https:\/\/www.segittur.es\/\",\"logo\":{\"@type\":\"ImageObject\",\"inLanguage\":\"en-US\",\"@id\":\"https:\/\/www.segittur.es\/#\/schema\/logo\/image\/\",\"url\":\"https:\/\/www.segittur.es\/wp-content\/uploads\/2019\/07\/cropped-logotipo_segittur.png\",\"contentUrl\":\"https:\/\/www.segittur.es\/wp-content\/uploads\/2019\/07\/cropped-logotipo_segittur.png\",\"width\":471,\"height\":50,\"caption\":\"SEGITTUR\"},\"image\":{\"@id\":\"https:\/\/www.segittur.es\/#\/schema\/logo\/image\/\"}}]}<\/script>","yoast_head_json":{"title":"Smart tourism destinations - SEGITTUR","robots":{"index":"index","follow":"follow","max-snippet":"max-snippet:-1","max-image-preview":"max-image-preview:large","max-video-preview":"max-video-preview:-1"},"canonical":"https:\/\/www.segittur.es\/en\/smart-tourism-destinations\/","og_locale":"en_US","og_type":"article","og_title":"Smart tourism destinations - SEGITTUR","og_description":"The Smart Tourism Destinations project, launched by the Secretariat of State for Tourism, aims to be the driving force in promoting and encouraging the digital transformation of Spain\u2019s tourism areas and destinations. The aim is to stimulate the sustainable development of tourism and ensure","og_url":"https:\/\/www.segittur.es\/en\/smart-tourism-destinations\/","og_site_name":"SEGITTUR","article_modified_time":"2021-11-11T12:02:38+00:00","twitter_card":"summary_large_image","twitter_misc":{"Est. reading time":"1 minute"},"schema":{"@context":"https:\/\/schema.org","@graph":[{"@type":"WebPage","@id":"https:\/\/www.segittur.es\/en\/smart-tourism-destinations\/","url":"https:\/\/www.segittur.es\/en\/smart-tourism-destinations\/","name":"Smart tourism destinations - SEGITTUR","isPartOf":{"@id":"https:\/\/www.segittur.es\/#website"},"datePublished":"2019-09-19T12:27:23+00:00","dateModified":"2021-11-11T12:02:38+00:00","breadcrumb":{"@id":"https:\/\/www.segittur.es\/en\/smart-tourism-destinations\/#breadcrumb"},"inLanguage":"en-US","potentialAction":[{"@type":"ReadAction","target":["https:\/\/www.segittur.es\/en\/smart-tourism-destinations\/"]}]},{"@type":"BreadcrumbList","@id":"https:\/\/www.segittur.es\/en\/smart-tourism-destinations\/#breadcrumb","itemListElement":[{"@type":"ListItem","position":1,"name":"Portada","item":"https:\/\/www.segittur.es\/en\/"},{"@type":"ListItem","position":2,"name":"Smart tourism destinations"}]},{"@type":"WebSite","@id":"https:\/\/www.segittur.es\/#website","url":"https:\/\/www.segittur.es\/","name":"SEGITTUR","description":"Sociedad Mercantil Estatal para la Gesti\u00f3n de la Innovaci\u00f3n y las Tecnolog\u00edas Tur\u00edsticas,SEGITTUR, dependiente del Ministerio de Industria se dedica a impulsar la innovaci\u00f3n y la tecnolog\u00eda en el sector tur\u00edstico","publisher":{"@id":"https:\/\/www.segittur.es\/#organization"},"potentialAction":[{"@type":"SearchAction","target":{"@type":"EntryPoint","urlTemplate":"https:\/\/www.segittur.es\/?s={search_term_string}"},"query-input":"required name=search_term_string"}],"inLanguage":"en-US"},{"@type":"Organization","@id":"https:\/\/www.segittur.es\/#organization","name":"SEGITTUR","url":"https:\/\/www.segittur.es\/","logo":{"@type":"ImageObject","inLanguage":"en-US","@id":"https:\/\/www.segittur.es\/#\/schema\/logo\/image\/","url":"https:\/\/www.segittur.es\/wp-content\/uploads\/2019\/07\/cropped-logotipo_segittur.png","contentUrl":"https:\/\/www.segittur.es\/wp-content\/uploads\/2019\/07\/cropped-logotipo_segittur.png","width":471,"height":50,"caption":"SEGITTUR"},"image":{"@id":"https:\/\/www.segittur.es\/#\/schema\/logo\/image\/"}}]}},"_links":{"self":[{"href":"https:\/\/www.segittur.es\/en\/wp-json\/wp\/v2\/pages\/8579"}],"collection":[{"href":"https:\/\/www.segittur.es\/en\/wp-json\/wp\/v2\/pages"}],"about":[{"href":"https:\/\/www.segittur.es\/en\/wp-json\/wp\/v2\/types\/page"}],"author":[{"embeddable":true,"href":"https:\/\/www.segittur.es\/en\/wp-json\/wp\/v2\/users\/1"}],"replies":[{"embeddable":true,"href":"https:\/\/www.segittur.es\/en\/wp-json\/wp\/v2\/comments?post=8579"}],"version-history":[{"count":5,"href":"https:\/\/www.segittur.es\/en\/wp-json\/wp\/v2\/pages\/8579\/revisions"}],"predecessor-version":[{"id":9288,"href":"https:\/\/www.segittur.es\/en\/wp-json\/wp\/v2\/pages\/8579\/revisions\/9288"}],"wp:attachment":[{"href":"https:\/\/www.segittur.es\/en\/wp-json\/wp\/v2\/media?parent=8579"}],"curies":[{"name":"wp","href":"https:\/\/api.w.org\/{rel}","templated":true}]}}