{"id":8627,"date":"2019-09-19T14:39:55","date_gmt":"2019-09-19T12:39:55","guid":{"rendered":"https:\/\/www.segittur.es\/ods-y-sostenibilidad\/"},"modified":"2021-11-11T13:07:01","modified_gmt":"2021-11-11T12:07:01","slug":"sdgs-and-sustainability","status":"publish","type":"page","link":"https:\/\/www.segittur.es\/en\/sdgs-and-sustainability\/","title":{"rendered":"SDGs and Sustainability"},"content":{"rendered":"\n<p>As one of the world\u2019s leading tourism powers and an international benchmark in the tourism industry, a country where the sector is extremely important in terms of economic activity and employment, Spain needs to be clearly focused on the sustainable development path, fulfilling objectives that can promote the prosperity and security of both present and future generations.<\/p>\n\n\n\n<p>SEGITTUR is very much aware of the fact that tourism needs to contribute to the Sustainable Development Goals (SDGs) of the United Nations Global Compact. SEGITTUR is working to contribute to these goals, and in this way achieve sustainable development in tourism.<\/p>\n","protected":false},"excerpt":{"rendered":"<p>As one of the world\u2019s leading tourism powers and an international benchmark in the tourism industry, a country where the sector is extremely important in terms of economic activity and employment, Spain needs to be clearly focused on the sustainable development path, fulfilling objectives that can<\/p>\n","protected":false},"author":1,"featured_media":0,"parent":0,"menu_order":0,"comment_status":"closed","ping_status":"closed","template":"page-templates\/template-distribuidora-ejes.php","meta":{"footnotes":""},"acf":[],"yoast_head":"<title>SDGs and Sustainability - SEGITTUR<\/title>\n<meta name=\"robots\" content=\"index, follow, max-snippet:-1, max-image-preview:large, max-video-preview:-1\" \/>\n<link rel=\"canonical\" href=\"https:\/\/www.segittur.es\/en\/sdgs-and-sustainability\/\" \/>\n<meta property=\"og:locale\" content=\"en_US\" \/>\n<meta property=\"og:type\" content=\"article\" \/>\n<meta property=\"og:title\" content=\"SDGs and Sustainability - SEGITTUR\" \/>\n<meta property=\"og:description\" content=\"As one of the world\u2019s leading tourism powers and an international benchmark in the tourism industry, a country where the sector is extremely important in terms of economic activity and employment, Spain needs to be clearly focused on the sustainable development path, fulfilling objectives that can\" \/>\n<meta property=\"og:url\" content=\"https:\/\/www.segittur.es\/en\/sdgs-and-sustainability\/\" \/>\n<meta property=\"og:site_name\" content=\"SEGITTUR\" \/>\n<meta property=\"article:modified_time\" content=\"2021-11-11T12:07:01+00:00\" \/>\n<meta name=\"twitter:card\" content=\"summary_large_image\" \/>\n<meta name=\"twitter:label1\" content=\"Est. reading time\" \/>\n\t<meta name=\"twitter:data1\" content=\"1 minute\" \/>\n<script type=\"application\/ld+json\" class=\"yoast-schema-graph\">{\"@context\":\"https:\/\/schema.org\",\"@graph\":[{\"@type\":\"WebPage\",\"@id\":\"https:\/\/www.segittur.es\/en\/sdgs-and-sustainability\/\",\"url\":\"https:\/\/www.segittur.es\/en\/sdgs-and-sustainability\/\",\"name\":\"SDGs and Sustainability - SEGITTUR\",\"isPartOf\":{\"@id\":\"https:\/\/www.segittur.es\/#website\"},\"datePublished\":\"2019-09-19T12:39:55+00:00\",\"dateModified\":\"2021-11-11T12:07:01+00:00\",\"breadcrumb\":{\"@id\":\"https:\/\/www.segittur.es\/en\/sdgs-and-sustainability\/#breadcrumb\"},\"inLanguage\":\"en-US\",\"potentialAction\":[{\"@type\":\"ReadAction\",\"target\":[\"https:\/\/www.segittur.es\/en\/sdgs-and-sustainability\/\"]}]},{\"@type\":\"BreadcrumbList\",\"@id\":\"https:\/\/www.segittur.es\/en\/sdgs-and-sustainability\/#breadcrumb\",\"itemListElement\":[{\"@type\":\"ListItem\",\"position\":1,\"name\":\"Portada\",\"item\":\"https:\/\/www.segittur.es\/en\/\"},{\"@type\":\"ListItem\",\"position\":2,\"name\":\"SDGs and Sustainability\"}]},{\"@type\":\"WebSite\",\"@id\":\"https:\/\/www.segittur.es\/#website\",\"url\":\"https:\/\/www.segittur.es\/\",\"name\":\"SEGITTUR\",\"description\":\"Sociedad Mercantil Estatal para la Gesti\u00f3n de la Innovaci\u00f3n y las Tecnolog\u00edas Tur\u00edsticas,SEGITTUR, dependiente del Ministerio de Industria se dedica a impulsar la innovaci\u00f3n y la tecnolog\u00eda en el sector tur\u00edstico\",\"publisher\":{\"@id\":\"https:\/\/www.segittur.es\/#organization\"},\"potentialAction\":[{\"@type\":\"SearchAction\",\"target\":{\"@type\":\"EntryPoint\",\"urlTemplate\":\"https:\/\/www.segittur.es\/?s={search_term_string}\"},\"query-input\":\"required name=search_term_string\"}],\"inLanguage\":\"en-US\"},{\"@type\":\"Organization\",\"@id\":\"https:\/\/www.segittur.es\/#organization\",\"name\":\"SEGITTUR\",\"url\":\"https:\/\/www.segittur.es\/\",\"logo\":{\"@type\":\"ImageObject\",\"inLanguage\":\"en-US\",\"@id\":\"https:\/\/www.segittur.es\/#\/schema\/logo\/image\/\",\"url\":\"https:\/\/www.segittur.es\/wp-content\/uploads\/2019\/07\/cropped-logotipo_segittur.png\",\"contentUrl\":\"https:\/\/www.segittur.es\/wp-content\/uploads\/2019\/07\/cropped-logotipo_segittur.png\",\"width\":471,\"height\":50,\"caption\":\"SEGITTUR\"},\"image\":{\"@id\":\"https:\/\/www.segittur.es\/#\/schema\/logo\/image\/\"}}]}<\/script>","yoast_head_json":{"title":"SDGs and Sustainability - SEGITTUR","robots":{"index":"index","follow":"follow","max-snippet":"max-snippet:-1","max-image-preview":"max-image-preview:large","max-video-preview":"max-video-preview:-1"},"canonical":"https:\/\/www.segittur.es\/en\/sdgs-and-sustainability\/","og_locale":"en_US","og_type":"article","og_title":"SDGs and Sustainability - SEGITTUR","og_description":"As one of the world\u2019s leading tourism powers and an international benchmark in the tourism industry, a country where the sector is extremely important in terms of economic activity and employment, Spain needs to be clearly focused on the sustainable development path, fulfilling objectives that can","og_url":"https:\/\/www.segittur.es\/en\/sdgs-and-sustainability\/","og_site_name":"SEGITTUR","article_modified_time":"2021-11-11T12:07:01+00:00","twitter_card":"summary_large_image","twitter_misc":{"Est. reading time":"1 minute"},"schema":{"@context":"https:\/\/schema.org","@graph":[{"@type":"WebPage","@id":"https:\/\/www.segittur.es\/en\/sdgs-and-sustainability\/","url":"https:\/\/www.segittur.es\/en\/sdgs-and-sustainability\/","name":"SDGs and Sustainability - SEGITTUR","isPartOf":{"@id":"https:\/\/www.segittur.es\/#website"},"datePublished":"2019-09-19T12:39:55+00:00","dateModified":"2021-11-11T12:07:01+00:00","breadcrumb":{"@id":"https:\/\/www.segittur.es\/en\/sdgs-and-sustainability\/#breadcrumb"},"inLanguage":"en-US","potentialAction":[{"@type":"ReadAction","target":["https:\/\/www.segittur.es\/en\/sdgs-and-sustainability\/"]}]},{"@type":"BreadcrumbList","@id":"https:\/\/www.segittur.es\/en\/sdgs-and-sustainability\/#breadcrumb","itemListElement":[{"@type":"ListItem","position":1,"name":"Portada","item":"https:\/\/www.segittur.es\/en\/"},{"@type":"ListItem","position":2,"name":"SDGs and Sustainability"}]},{"@type":"WebSite","@id":"https:\/\/www.segittur.es\/#website","url":"https:\/\/www.segittur.es\/","name":"SEGITTUR","description":"Sociedad Mercantil Estatal para la Gesti\u00f3n de la Innovaci\u00f3n y las Tecnolog\u00edas Tur\u00edsticas,SEGITTUR, dependiente del Ministerio de Industria se dedica a impulsar la innovaci\u00f3n y la tecnolog\u00eda en el sector tur\u00edstico","publisher":{"@id":"https:\/\/www.segittur.es\/#organization"},"potentialAction":[{"@type":"SearchAction","target":{"@type":"EntryPoint","urlTemplate":"https:\/\/www.segittur.es\/?s={search_term_string}"},"query-input":"required name=search_term_string"}],"inLanguage":"en-US"},{"@type":"Organization","@id":"https:\/\/www.segittur.es\/#organization","name":"SEGITTUR","url":"https:\/\/www.segittur.es\/","logo":{"@type":"ImageObject","inLanguage":"en-US","@id":"https:\/\/www.segittur.es\/#\/schema\/logo\/image\/","url":"https:\/\/www.segittur.es\/wp-content\/uploads\/2019\/07\/cropped-logotipo_segittur.png","contentUrl":"https:\/\/www.segittur.es\/wp-content\/uploads\/2019\/07\/cropped-logotipo_segittur.png","width":471,"height":50,"caption":"SEGITTUR"},"image":{"@id":"https:\/\/www.segittur.es\/#\/schema\/logo\/image\/"}}]}},"_links":{"self":[{"href":"https:\/\/www.segittur.es\/en\/wp-json\/wp\/v2\/pages\/8627"}],"collection":[{"href":"https:\/\/www.segittur.es\/en\/wp-json\/wp\/v2\/pages"}],"about":[{"href":"https:\/\/www.segittur.es\/en\/wp-json\/wp\/v2\/types\/page"}],"author":[{"embeddable":true,"href":"https:\/\/www.segittur.es\/en\/wp-json\/wp\/v2\/users\/1"}],"replies":[{"embeddable":true,"href":"https:\/\/www.segittur.es\/en\/wp-json\/wp\/v2\/comments?post=8627"}],"version-history":[{"count":4,"href":"https:\/\/www.segittur.es\/en\/wp-json\/wp\/v2\/pages\/8627\/revisions"}],"predecessor-version":[{"id":9291,"href":"https:\/\/www.segittur.es\/en\/wp-json\/wp\/v2\/pages\/8627\/revisions\/9291"}],"wp:attachment":[{"href":"https:\/\/www.segittur.es\/en\/wp-json\/wp\/v2\/media?parent=8627"}],"curies":[{"name":"wp","href":"https:\/\/api.w.org\/{rel}","templated":true}]}}