{"id":8728,"date":"2019-07-08T16:04:02","date_gmt":"2019-07-08T14:04:02","guid":{"rendered":"https:\/\/www.segittur.es\/internacionalizacion\/"},"modified":"2021-11-11T13:19:02","modified_gmt":"2021-11-11T12:19:02","slug":"internationalisation","status":"publish","type":"page","link":"https:\/\/www.segittur.es\/en\/internationalisation\/","title":{"rendered":"Internationalisation"},"content":{"rendered":"\n<p>Spain is a reference point in the field of tourism all over the world, not only due to the volume of international tourist arrivals, but also because of its tourism management model. It has a wealth of tourism experience, with extensive knowledge and tried and tested best practices, an important tourism industry that delivers tourism products and services, as well as a technology industry that provides services and solutions for the sector.<\/p>\n\n\n\n<p>With the aim of helping the sector, at SEGITTUR we share best practice, knowledge and technological innovation on international tourism markets. We promote the internationalisation of our tourism SMEs, supporting them in opening up new markets, and boosting the export of their tourism products and services.<\/p>\n\n\n\n<p>We also support and promote the entrepreneurial Spanish tourism ecosystem, with a particular emphasis on technology-based tourism companies with innovative projects and developments.<\/p>\n","protected":false},"excerpt":{"rendered":"<p>Spain is a reference point in the field of tourism all over the world, not only due to the volume of international tourist arrivals, but also because of its tourism management model. It has a wealth of tourism experience, with extensive knowledge and tried and tested best practices, an important<\/p>\n","protected":false},"author":1,"featured_media":0,"parent":0,"menu_order":0,"comment_status":"closed","ping_status":"closed","template":"page-templates\/template-distribuidora-ejes.php","meta":{"footnotes":""},"acf":[],"yoast_head":"<title>Internationalisation - SEGITTUR<\/title>\n<meta name=\"robots\" content=\"index, follow, max-snippet:-1, max-image-preview:large, max-video-preview:-1\" \/>\n<link rel=\"canonical\" href=\"https:\/\/www.segittur.es\/en\/internationalisation\/\" \/>\n<meta property=\"og:locale\" content=\"en_US\" \/>\n<meta property=\"og:type\" content=\"article\" \/>\n<meta property=\"og:title\" content=\"Internationalisation - SEGITTUR\" \/>\n<meta property=\"og:description\" content=\"Spain is a reference point in the field of tourism all over the world, not only due to the volume of international tourist arrivals, but also because of its tourism management model. It has a wealth of tourism experience, with extensive knowledge and tried and tested best practices, an important\" \/>\n<meta property=\"og:url\" content=\"https:\/\/www.segittur.es\/en\/internationalisation\/\" \/>\n<meta property=\"og:site_name\" content=\"SEGITTUR\" \/>\n<meta property=\"article:modified_time\" content=\"2021-11-11T12:19:02+00:00\" \/>\n<meta name=\"twitter:card\" content=\"summary_large_image\" \/>\n<meta name=\"twitter:label1\" content=\"Est. reading time\" \/>\n\t<meta name=\"twitter:data1\" content=\"1 minute\" \/>\n<script type=\"application\/ld+json\" class=\"yoast-schema-graph\">{\"@context\":\"https:\/\/schema.org\",\"@graph\":[{\"@type\":\"WebPage\",\"@id\":\"https:\/\/www.segittur.es\/en\/internationalisation\/\",\"url\":\"https:\/\/www.segittur.es\/en\/internationalisation\/\",\"name\":\"Internationalisation - SEGITTUR\",\"isPartOf\":{\"@id\":\"https:\/\/www.segittur.es\/#website\"},\"datePublished\":\"2019-07-08T14:04:02+00:00\",\"dateModified\":\"2021-11-11T12:19:02+00:00\",\"breadcrumb\":{\"@id\":\"https:\/\/www.segittur.es\/en\/internationalisation\/#breadcrumb\"},\"inLanguage\":\"en-US\",\"potentialAction\":[{\"@type\":\"ReadAction\",\"target\":[\"https:\/\/www.segittur.es\/en\/internationalisation\/\"]}]},{\"@type\":\"BreadcrumbList\",\"@id\":\"https:\/\/www.segittur.es\/en\/internationalisation\/#breadcrumb\",\"itemListElement\":[{\"@type\":\"ListItem\",\"position\":1,\"name\":\"Portada\",\"item\":\"https:\/\/www.segittur.es\/en\/\"},{\"@type\":\"ListItem\",\"position\":2,\"name\":\"Internationalisation\"}]},{\"@type\":\"WebSite\",\"@id\":\"https:\/\/www.segittur.es\/#website\",\"url\":\"https:\/\/www.segittur.es\/\",\"name\":\"SEGITTUR\",\"description\":\"Sociedad Mercantil Estatal para la Gesti\u00f3n de la Innovaci\u00f3n y las Tecnolog\u00edas Tur\u00edsticas,SEGITTUR, dependiente del Ministerio de Industria se dedica a impulsar la innovaci\u00f3n y la tecnolog\u00eda en el sector tur\u00edstico\",\"publisher\":{\"@id\":\"https:\/\/www.segittur.es\/#organization\"},\"potentialAction\":[{\"@type\":\"SearchAction\",\"target\":{\"@type\":\"EntryPoint\",\"urlTemplate\":\"https:\/\/www.segittur.es\/?s={search_term_string}\"},\"query-input\":\"required name=search_term_string\"}],\"inLanguage\":\"en-US\"},{\"@type\":\"Organization\",\"@id\":\"https:\/\/www.segittur.es\/#organization\",\"name\":\"SEGITTUR\",\"url\":\"https:\/\/www.segittur.es\/\",\"logo\":{\"@type\":\"ImageObject\",\"inLanguage\":\"en-US\",\"@id\":\"https:\/\/www.segittur.es\/#\/schema\/logo\/image\/\",\"url\":\"https:\/\/www.segittur.es\/wp-content\/uploads\/2019\/07\/cropped-logotipo_segittur.png\",\"contentUrl\":\"https:\/\/www.segittur.es\/wp-content\/uploads\/2019\/07\/cropped-logotipo_segittur.png\",\"width\":471,\"height\":50,\"caption\":\"SEGITTUR\"},\"image\":{\"@id\":\"https:\/\/www.segittur.es\/#\/schema\/logo\/image\/\"}}]}<\/script>","yoast_head_json":{"title":"Internationalisation - SEGITTUR","robots":{"index":"index","follow":"follow","max-snippet":"max-snippet:-1","max-image-preview":"max-image-preview:large","max-video-preview":"max-video-preview:-1"},"canonical":"https:\/\/www.segittur.es\/en\/internationalisation\/","og_locale":"en_US","og_type":"article","og_title":"Internationalisation - SEGITTUR","og_description":"Spain is a reference point in the field of tourism all over the world, not only due to the volume of international tourist arrivals, but also because of its tourism management model. It has a wealth of tourism experience, with extensive knowledge and tried and tested best practices, an important","og_url":"https:\/\/www.segittur.es\/en\/internationalisation\/","og_site_name":"SEGITTUR","article_modified_time":"2021-11-11T12:19:02+00:00","twitter_card":"summary_large_image","twitter_misc":{"Est. reading time":"1 minute"},"schema":{"@context":"https:\/\/schema.org","@graph":[{"@type":"WebPage","@id":"https:\/\/www.segittur.es\/en\/internationalisation\/","url":"https:\/\/www.segittur.es\/en\/internationalisation\/","name":"Internationalisation - SEGITTUR","isPartOf":{"@id":"https:\/\/www.segittur.es\/#website"},"datePublished":"2019-07-08T14:04:02+00:00","dateModified":"2021-11-11T12:19:02+00:00","breadcrumb":{"@id":"https:\/\/www.segittur.es\/en\/internationalisation\/#breadcrumb"},"inLanguage":"en-US","potentialAction":[{"@type":"ReadAction","target":["https:\/\/www.segittur.es\/en\/internationalisation\/"]}]},{"@type":"BreadcrumbList","@id":"https:\/\/www.segittur.es\/en\/internationalisation\/#breadcrumb","itemListElement":[{"@type":"ListItem","position":1,"name":"Portada","item":"https:\/\/www.segittur.es\/en\/"},{"@type":"ListItem","position":2,"name":"Internationalisation"}]},{"@type":"WebSite","@id":"https:\/\/www.segittur.es\/#website","url":"https:\/\/www.segittur.es\/","name":"SEGITTUR","description":"Sociedad Mercantil Estatal para la Gesti\u00f3n de la Innovaci\u00f3n y las Tecnolog\u00edas Tur\u00edsticas,SEGITTUR, dependiente del Ministerio de Industria se dedica a impulsar la innovaci\u00f3n y la tecnolog\u00eda en el sector tur\u00edstico","publisher":{"@id":"https:\/\/www.segittur.es\/#organization"},"potentialAction":[{"@type":"SearchAction","target":{"@type":"EntryPoint","urlTemplate":"https:\/\/www.segittur.es\/?s={search_term_string}"},"query-input":"required name=search_term_string"}],"inLanguage":"en-US"},{"@type":"Organization","@id":"https:\/\/www.segittur.es\/#organization","name":"SEGITTUR","url":"https:\/\/www.segittur.es\/","logo":{"@type":"ImageObject","inLanguage":"en-US","@id":"https:\/\/www.segittur.es\/#\/schema\/logo\/image\/","url":"https:\/\/www.segittur.es\/wp-content\/uploads\/2019\/07\/cropped-logotipo_segittur.png","contentUrl":"https:\/\/www.segittur.es\/wp-content\/uploads\/2019\/07\/cropped-logotipo_segittur.png","width":471,"height":50,"caption":"SEGITTUR"},"image":{"@id":"https:\/\/www.segittur.es\/#\/schema\/logo\/image\/"}}]}},"_links":{"self":[{"href":"https:\/\/www.segittur.es\/en\/wp-json\/wp\/v2\/pages\/8728"}],"collection":[{"href":"https:\/\/www.segittur.es\/en\/wp-json\/wp\/v2\/pages"}],"about":[{"href":"https:\/\/www.segittur.es\/en\/wp-json\/wp\/v2\/types\/page"}],"author":[{"embeddable":true,"href":"https:\/\/www.segittur.es\/en\/wp-json\/wp\/v2\/users\/1"}],"replies":[{"embeddable":true,"href":"https:\/\/www.segittur.es\/en\/wp-json\/wp\/v2\/comments?post=8728"}],"version-history":[{"count":6,"href":"https:\/\/www.segittur.es\/en\/wp-json\/wp\/v2\/pages\/8728\/revisions"}],"predecessor-version":[{"id":9293,"href":"https:\/\/www.segittur.es\/en\/wp-json\/wp\/v2\/pages\/8728\/revisions\/9293"}],"wp:attachment":[{"href":"https:\/\/www.segittur.es\/en\/wp-json\/wp\/v2\/media?parent=8728"}],"curies":[{"name":"wp","href":"https:\/\/api.w.org\/{rel}","templated":true}]}}